{"id":10000,"date":"2024-11-05T09:37:13","date_gmt":"2024-11-05T08:37:13","guid":{"rendered":"https:\/\/www.aikidojo.hr\/wordpressnew\/?page_id=10000"},"modified":"2024-11-05T09:45:50","modified_gmt":"2024-11-05T08:45:50","slug":"aikido-majstorski-trening","status":"publish","type":"page","link":"https:\/\/www.aikidojo.hr\/wordpressnew\/aikido-majstorski-trening\/","title":{"rendered":"Aikido majstorski trening"},"content":{"rendered":"\t\t<div data-elementor-type=\"wp-page\" data-elementor-id=\"10000\" class=\"elementor elementor-10000\">\n\t\t\t\t\t\t<section class=\"elementor-section elementor-top-section elementor-element elementor-element-72ed71c elementor-section-boxed elementor-section-height-default elementor-section-height-default wpr-particle-no wpr-jarallax-no wpr-parallax-no wpr-sticky-section-no wpr-equal-height-no\" data-id=\"72ed71c\" data-element_type=\"section\" data-e-type=\"section\">\n\t\t\t\t\t\t<div class=\"elementor-container elementor-column-gap-default\">\n\t\t\t\t\t<div class=\"elementor-column elementor-col-100 elementor-top-column elementor-element elementor-element-467dff2\" data-id=\"467dff2\" data-element_type=\"column\" data-e-type=\"column\" data-settings=\"{&quot;background_background&quot;:&quot;classic&quot;}\">\n\t\t\t<div class=\"elementor-widget-wrap elementor-element-populated\">\n\t\t\t\t\t\t<div class=\"elementor-element elementor-element-b7ac362 elementor-widget elementor-widget-heading\" data-id=\"b7ac362\" data-element_type=\"widget\" data-e-type=\"widget\" data-widget_type=\"heading.default\">\n\t\t\t\t<div class=\"elementor-widget-container\">\n\t\t\t\t\t<h1 class=\"elementor-heading-title elementor-size-default\">Aikido majstorski trening<\/h1>\t\t\t\t<\/div>\n\t\t\t\t<\/div>\n\t\t\t\t\t<\/div>\n\t\t<\/div>\n\t\t\t\t\t<\/div>\n\t\t<\/section>\n\t\t\t\t<section class=\"elementor-section elementor-top-section elementor-element elementor-element-2952d2b elementor-section-boxed elementor-section-height-default elementor-section-height-default wpr-particle-no wpr-jarallax-no wpr-parallax-no wpr-sticky-section-no wpr-equal-height-no\" data-id=\"2952d2b\" data-element_type=\"section\" data-e-type=\"section\">\n\t\t\t\t\t\t<div class=\"elementor-container elementor-column-gap-default\">\n\t\t\t\t\t<div class=\"elementor-column elementor-col-100 elementor-top-column elementor-element elementor-element-4b59f39\" data-id=\"4b59f39\" data-element_type=\"column\" data-e-type=\"column\">\n\t\t\t<div class=\"elementor-widget-wrap elementor-element-populated\">\n\t\t\t\t\t\t<div class=\"elementor-element elementor-element-7f23a39 elementor-widget elementor-widget-text-editor\" data-id=\"7f23a39\" data-element_type=\"widget\" data-e-type=\"widget\" data-widget_type=\"text-editor.default\">\n\t\t\t\t<div class=\"elementor-widget-container\">\n\t\t\t\t\t\t\t\t\t<div><p>Postati\u00a0<strong>majstor Aikida<\/strong>\u00a0podrazumijeva dugotrajan put predanog treninga, prakti\u010dnog iskustva i razvijanja dubokog razumijevanja ne samo tehnika, ve\u0107 i filozofije Aikida. Za majstorske pojaseve koristi se sustav\u00a0<strong>dan<\/strong>\u00a0razina, koji predstavlja vi\u0161e stupnjeve vje\u0161tine i znanja. Evo klju\u010dnih elemenata na putu prema majstorskim pojasevima u Aikidu:<\/p><p><strong>1.\u00a0Dan razine (stupnjevi majstorstva)<\/strong><\/p><ul><li>U Aikidu se napredni stupnjevi ozna\u010davaju kao\u00a0<strong>dan<\/strong>, a obi\u010dno po\u010dinju od\u00a0<strong>1. dana (shodan)<\/strong>\u00a0do vi\u0161ih razina poput 5. dana (godan) i vi\u0161e. Prvi dan (shodan) \u010desto predstavlja osnovno majstorstvo i potvrdu da je u\u010denik razumio temeljne tehnike i principe.<\/li><li>Majstorski pojasevi obi\u010dno se nose u\u00a0<strong>crnoj boji<\/strong>, a na vi\u0161im razinama dodaju se simboli\u010dki elementi kao \u0161to su certifikati i titule.<\/li><\/ul><p>2.\u00a0<strong>Priprema i iskustvo<\/strong><\/p><ul><li>Postizanje prve majstorske razine obi\u010dno traje nekoliko godina predanog treniranja. Trajanje ovisi o intenzitetu treninga, stilu Aikida, u\u010ditelju i tehni\u010dkim zahtjevima kluba ili organizacije.<\/li><li>Osim tehnika, u\u010denici u\u010de i\u00a0<strong>kata<\/strong>\u00a0(forme) koje nagla\u0161avaju kontrolu pokreta, preciznost i stabilnost.<\/li><\/ul><p>3.\u00a0<strong>Filozofija i disciplina<\/strong><\/p><ul><li>Aikido se temelji na filozofiji nenasilja i sklada, i u naprednijim stupnjevima naglasak nije samo na fizi\u010dkim tehnikama, ve\u0107 na razvijanju unutarnjeg mira, samokontrole i po\u0161tovanja prema partneru i \u017eivotu op\u0107enito.<\/li><li>S obzirom na principe nenasilja i za\u0161tite, majstori Aikida razvijaju sposobnost zaustavljanja protivnika bez nano\u0161enja \u0161tete, \u0161to zahtijeva visok stupanj preciznosti i vje\u0161tine.<\/li><\/ul><p>4.\u00a0<strong>Instruktorske razine<\/strong><\/p><ul><li>Na vi\u0161im majstorskim razinama (obi\u010dno od 4. dana navi\u0161e), majstori dobivaju mogu\u0107nost i\u00a0<strong>dozvolu za podu\u010davanje<\/strong>\u00a0te vo\u0111enje treninga. Postati u\u010ditelj ili instruktor Aikida predstavlja dodatnu odgovornost jer uklju\u010duje preno\u0161enje znanja i filozofije Aikida na nove generacije.<\/li><li>Mnoga majstorska zvanja dodjeljuju se uz potvrdu autoriteta u Aikido organizacijama, kao \u0161to je primjerice\u00a0<strong>Aikikai Hombu Dojo<\/strong>\u00a0u Japanu, sredi\u0161nja organizacija za tradicionalni Aikido.<\/li><\/ul><p>5.\u00a0<strong>Kontinuirani razvoj i napredovanje<\/strong><\/p><ul><li>U Aikidu majstorstvo nije kraj, ve\u0107 stalni proces u\u010denja. Svaka razina otvara nova podru\u010dja istra\u017eivanja i produbljuje razumijevanje tehnika, kako na fizi\u010dkom, tako i na mentalnom planu.<\/li><li>Vrhunski majstori Aikida \u010desto putuju i razmjenjuju znanje s drugim majstorima, sudjeluju na seminarima te prakticiraju povezivanje Aikida s meditacijom i drugim metodama za osobni razvoj.<\/li><\/ul><p>Polo\u017eaj majstora Aikida<\/p><p>Za majstora Aikida va\u017eno je i njegovanje\u00a0<strong>budo duha<\/strong>\u00a0\u2013 duha borila\u010dke vje\u0161tine, \u0161to zna\u010di da je osobni razvoj u harmoniji s tehnikom klju\u010dan. Majstorski stupnjevi nisu samo priznanje za tehni\u010dku sposobnost, ve\u0107 i za osobnost i predanost filozofiji Aikida.<\/p><\/div>\t\t\t\t\t\t\t\t<\/div>\n\t\t\t\t<\/div>\n\t\t\t\t\t<\/div>\n\t\t<\/div>\n\t\t\t\t\t<\/div>\n\t\t<\/section>\n\t\t\t\t<\/div>\n\t\t","protected":false},"excerpt":{"rendered":"<p>Aikido majstorski trening Postati\u00a0majstor Aikida\u00a0podrazumijeva dugotrajan put predanog treninga, prakti\u010dnog iskustva i razvijanja dubokog razumijevanja ne samo tehnika, ve\u0107 i filozofije Aikida. Za majstorske pojaseve koristi se sustav\u00a0dan\u00a0razina, koji predstavlja vi\u0161e stupnjeve vje\u0161tine i znanja. Evo klju\u010dnih elemenata na putu &hellip;<\/p>\n<p class=\"read-more\"> <a class=\"more-link\" href=\"https:\/\/www.aikidojo.hr\/wordpressnew\/aikido-majstorski-trening\/\"> <span class=\"screen-reader-text\">Aikido majstorski trening<\/span> Read More &raquo;<\/a><\/p>\n","protected":false},"author":2,"featured_media":0,"parent":0,"menu_order":0,"comment_status":"closed","ping_status":"closed","template":"elementor_header_footer","meta":{"footnotes":""},"class_list":["post-10000","page","type-page","status-publish","hentry"],"_links":{"self":[{"href":"https:\/\/www.aikidojo.hr\/wordpressnew\/wp-json\/wp\/v2\/pages\/10000","targetHints":{"allow":["GET"]}}],"collection":[{"href":"https:\/\/www.aikidojo.hr\/wordpressnew\/wp-json\/wp\/v2\/pages"}],"about":[{"href":"https:\/\/www.aikidojo.hr\/wordpressnew\/wp-json\/wp\/v2\/types\/page"}],"author":[{"embeddable":true,"href":"https:\/\/www.aikidojo.hr\/wordpressnew\/wp-json\/wp\/v2\/users\/2"}],"replies":[{"embeddable":true,"href":"https:\/\/www.aikidojo.hr\/wordpressnew\/wp-json\/wp\/v2\/comments?post=10000"}],"version-history":[{"count":5,"href":"https:\/\/www.aikidojo.hr\/wordpressnew\/wp-json\/wp\/v2\/pages\/10000\/revisions"}],"predecessor-version":[{"id":10293,"href":"https:\/\/www.aikidojo.hr\/wordpressnew\/wp-json\/wp\/v2\/pages\/10000\/revisions\/10293"}],"wp:attachment":[{"href":"https:\/\/www.aikidojo.hr\/wordpressnew\/wp-json\/wp\/v2\/media?parent=10000"}],"curies":[{"name":"wp","href":"https:\/\/api.w.org\/{rel}","templated":true}]}}