{"id":10277,"date":"2025-11-22T11:00:03","date_gmt":"2025-11-22T10:00:03","guid":{"rendered":"https:\/\/www.aikidojo.hr\/wordpressnew\/?page_id=10277"},"modified":"2026-04-22T07:41:20","modified_gmt":"2026-04-22T06:41:20","slug":"aikido-dojo-klub-1","status":"publish","type":"page","link":"https:\/\/www.aikidojo.hr\/wordpressnew\/","title":{"rendered":"Aikido dojo klub"},"content":{"rendered":"\t\t<div data-elementor-type=\"wp-page\" data-elementor-id=\"10277\" class=\"elementor elementor-10277\">\n\t\t\t\t\t\t<section class=\"elementor-section elementor-top-section elementor-element elementor-element-8850ebb elementor-section-boxed elementor-section-height-default elementor-section-height-default wpr-particle-no wpr-jarallax-no wpr-parallax-no wpr-sticky-section-no wpr-equal-height-no\" data-id=\"8850ebb\" data-element_type=\"section\" data-e-type=\"section\">\n\t\t\t\t\t\t<div class=\"elementor-container elementor-column-gap-default\">\n\t\t\t\t\t<div class=\"elementor-column elementor-col-100 elementor-top-column elementor-element elementor-element-04c7283\" data-id=\"04c7283\" data-element_type=\"column\" data-e-type=\"column\" data-settings=\"{&quot;background_background&quot;:&quot;classic&quot;}\">\n\t\t\t<div class=\"elementor-widget-wrap elementor-element-populated\">\n\t\t\t\t\t\t<div class=\"elementor-element elementor-element-ba36cf6 elementor-widget__width-inherit elementor-arrows-position-inside elementor-widget elementor-widget-image-carousel\" data-id=\"ba36cf6\" data-element_type=\"widget\" data-e-type=\"widget\" data-settings=\"{&quot;slides_to_show&quot;:&quot;1&quot;,&quot;navigation&quot;:&quot;arrows&quot;,&quot;autoplay_speed&quot;:3000,&quot;autoplay&quot;:&quot;yes&quot;,&quot;pause_on_hover&quot;:&quot;yes&quot;,&quot;pause_on_interaction&quot;:&quot;yes&quot;,&quot;infinite&quot;:&quot;yes&quot;,&quot;effect&quot;:&quot;slide&quot;,&quot;speed&quot;:500}\" data-widget_type=\"image-carousel.default\">\n\t\t\t\t<div class=\"elementor-widget-container\">\n\t\t\t\t\t\t\t<div class=\"elementor-image-carousel-wrapper swiper\" role=\"region\" aria-roledescription=\"carousel\" aria-label=\"Vrtuljak slika\" dir=\"ltr\">\n\t\t\t<div class=\"elementor-image-carousel swiper-wrapper\" aria-live=\"off\">\n\t\t\t\t\t\t\t\t<div class=\"swiper-slide\" role=\"group\" aria-roledescription=\"slide\" aria-label=\"1 od 24\"><figure class=\"swiper-slide-inner\"><img decoding=\"async\" class=\"swiper-slide-image\" src=\"https:\/\/www.aikidojo.hr\/wordpressnew\/wp-content\/uploads\/2026\/03\/dojo.jpg\" alt=\"dojo\" \/><\/figure><\/div><div class=\"swiper-slide\" role=\"group\" aria-roledescription=\"slide\" aria-label=\"2 od 24\"><figure class=\"swiper-slide-inner\"><img decoding=\"async\" class=\"swiper-slide-image\" src=\"https:\/\/www.aikidojo.hr\/wordpressnew\/wp-content\/uploads\/2026\/03\/vedran-rakinic_azdh_sesvete-2-slider.jpg\" alt=\"vedran-rakinic_azdh_sesvete-2-slider\" \/><\/figure><\/div><div class=\"swiper-slide\" role=\"group\" aria-roledescription=\"slide\" aria-label=\"3 od 24\"><figure class=\"swiper-slide-inner\"><img decoding=\"async\" class=\"swiper-slide-image\" src=\"https:\/\/www.aikidojo.hr\/wordpressnew\/wp-content\/uploads\/2026\/03\/18402069_420354515010555_4452087337123980642_o-1-slider.jpg\" alt=\"18402069_420354515010555_4452087337123980642_o-1-slider\" \/><\/figure><\/div><div class=\"swiper-slide\" role=\"group\" aria-roledescription=\"slide\" aria-label=\"4 od 24\"><figure class=\"swiper-slide-inner\"><img decoding=\"async\" class=\"swiper-slide-image\" src=\"https:\/\/www.aikidojo.hr\/wordpressnew\/wp-content\/uploads\/2026\/03\/74667890_3091292804232779_1556887561324986368_o-slider.jpg\" alt=\"74667890_3091292804232779_1556887561324986368_o-slider\" \/><\/figure><\/div><div class=\"swiper-slide\" role=\"group\" aria-roledescription=\"slide\" aria-label=\"5 od 24\"><figure class=\"swiper-slide-inner\"><img decoding=\"async\" class=\"swiper-slide-image\" src=\"https:\/\/www.aikidojo.hr\/wordpressnew\/wp-content\/uploads\/2026\/03\/839A0368-slider.jpg\" alt=\"839A0368-slider\" \/><\/figure><\/div><div class=\"swiper-slide\" role=\"group\" aria-roledescription=\"slide\" aria-label=\"6 od 24\"><figure class=\"swiper-slide-inner\"><img decoding=\"async\" class=\"swiper-slide-image\" src=\"https:\/\/www.aikidojo.hr\/wordpressnew\/wp-content\/uploads\/2026\/03\/Ryuji-ShirakawaVedran-Bacanje-slider.jpg\" alt=\"Ryuji-ShirakawaVedran-Bacanje-slider\" \/><\/figure><\/div><div class=\"swiper-slide\" role=\"group\" aria-roledescription=\"slide\" aria-label=\"7 od 24\"><figure class=\"swiper-slide-inner\"><img decoding=\"async\" class=\"swiper-slide-image\" src=\"https:\/\/www.aikidojo.hr\/wordpressnew\/wp-content\/uploads\/2026\/03\/Ryuji-Shirakawa-Shomen-slider.jpg\" alt=\"Ryuji-Shirakawa-Shomen-slider\" \/><\/figure><\/div><div class=\"swiper-slide\" role=\"group\" aria-roledescription=\"slide\" aria-label=\"8 od 24\"><figure class=\"swiper-slide-inner\"><img decoding=\"async\" class=\"swiper-slide-image\" src=\"https:\/\/www.aikidojo.hr\/wordpressnew\/wp-content\/uploads\/2026\/03\/839A0057-slider.jpeg\" alt=\"839A0057-slider\" \/><\/figure><\/div><div class=\"swiper-slide\" role=\"group\" aria-roledescription=\"slide\" aria-label=\"9 od 24\"><figure class=\"swiper-slide-inner\"><img decoding=\"async\" class=\"swiper-slide-image\" src=\"https:\/\/www.aikidojo.hr\/wordpressnew\/wp-content\/uploads\/2026\/03\/839A0075-slider.jpeg\" alt=\"839A0075-slider\" \/><\/figure><\/div><div class=\"swiper-slide\" role=\"group\" aria-roledescription=\"slide\" aria-label=\"10 od 24\"><figure class=\"swiper-slide-inner\"><img decoding=\"async\" class=\"swiper-slide-image\" src=\"https:\/\/www.aikidojo.hr\/wordpressnew\/wp-content\/uploads\/2026\/03\/839A0096-slider.jpeg\" alt=\"839A0096-slider\" \/><\/figure><\/div><div class=\"swiper-slide\" role=\"group\" aria-roledescription=\"slide\" aria-label=\"11 od 24\"><figure class=\"swiper-slide-inner\"><img decoding=\"async\" class=\"swiper-slide-image\" src=\"https:\/\/www.aikidojo.hr\/wordpressnew\/wp-content\/uploads\/2026\/03\/839A0210-slider.jpeg\" alt=\"839A0210-slider\" \/><\/figure><\/div><div class=\"swiper-slide\" role=\"group\" aria-roledescription=\"slide\" aria-label=\"12 od 24\"><figure class=\"swiper-slide-inner\"><img decoding=\"async\" class=\"swiper-slide-image\" src=\"https:\/\/www.aikidojo.hr\/wordpressnew\/wp-content\/uploads\/2026\/03\/839A0333-slider.jpeg\" alt=\"839A0333-slider\" \/><\/figure><\/div><div class=\"swiper-slide\" role=\"group\" aria-roledescription=\"slide\" aria-label=\"13 od 24\"><figure class=\"swiper-slide-inner\"><img decoding=\"async\" class=\"swiper-slide-image\" src=\"https:\/\/www.aikidojo.hr\/wordpressnew\/wp-content\/uploads\/2026\/03\/Ryuji-Shirakawa-Jo-slider-1.jpg\" alt=\"Ryuji-Shirakawa-Jo-slider-1\" \/><\/figure><\/div><div class=\"swiper-slide\" role=\"group\" aria-roledescription=\"slide\" aria-label=\"14 od 24\"><figure class=\"swiper-slide-inner\"><img decoding=\"async\" class=\"swiper-slide-image\" src=\"https:\/\/www.aikidojo.hr\/wordpressnew\/wp-content\/uploads\/2026\/03\/839A0350-slider.jpeg\" alt=\"839A0350-slider\" \/><\/figure><\/div><div class=\"swiper-slide\" role=\"group\" aria-roledescription=\"slide\" aria-label=\"15 od 24\"><figure class=\"swiper-slide-inner\"><img decoding=\"async\" class=\"swiper-slide-image\" src=\"https:\/\/www.aikidojo.hr\/wordpressnew\/wp-content\/uploads\/2026\/03\/aikido1_Vedran-Rakinic\u0301-slider.jpg\" alt=\"aikido1_Vedran-Rakinic\u0301-slider\" \/><\/figure><\/div><div class=\"swiper-slide\" role=\"group\" aria-roledescription=\"slide\" aria-label=\"16 od 24\"><figure class=\"swiper-slide-inner\"><img decoding=\"async\" class=\"swiper-slide-image\" src=\"https:\/\/www.aikidojo.hr\/wordpressnew\/wp-content\/uploads\/2026\/03\/aikido_ryuji-shirakawa_vedran-rakinic\u0301_12-slider.jpg\" alt=\"aikido_ryuji-shirakawa_vedran-rakinic\u0301_12-slider\" \/><\/figure><\/div><div class=\"swiper-slide\" role=\"group\" aria-roledescription=\"slide\" aria-label=\"17 od 24\"><figure class=\"swiper-slide-inner\"><img decoding=\"async\" class=\"swiper-slide-image\" src=\"https:\/\/www.aikidojo.hr\/wordpressnew\/wp-content\/uploads\/2026\/03\/aikido_ryuji-shirakawa_vedran-rakinic\u0301_8-slider.jpg\" alt=\"aikido_ryuji-shirakawa_vedran-rakinic\u0301_8-slider\" \/><\/figure><\/div><div class=\"swiper-slide\" role=\"group\" aria-roledescription=\"slide\" aria-label=\"18 od 24\"><figure class=\"swiper-slide-inner\"><img decoding=\"async\" class=\"swiper-slide-image\" src=\"https:\/\/www.aikidojo.hr\/wordpressnew\/wp-content\/uploads\/2026\/03\/aikido_ryuji-shirakawa_vedran-rakinic\u0301_2-slider.jpg\" alt=\"aikido_ryuji-shirakawa_vedran-rakinic\u0301_2-slider\" \/><\/figure><\/div><div class=\"swiper-slide\" role=\"group\" aria-roledescription=\"slide\" aria-label=\"19 od 24\"><figure class=\"swiper-slide-inner\"><img decoding=\"async\" class=\"swiper-slide-image\" src=\"https:\/\/www.aikidojo.hr\/wordpressnew\/wp-content\/uploads\/2026\/03\/aikido_ryuji-shirakawa_vedran-rakinic\u0301-slider.jpg\" alt=\"aikido_ryuji-shirakawa_vedran-rakinic\u0301-slider\" \/><\/figure><\/div><div class=\"swiper-slide\" role=\"group\" aria-roledescription=\"slide\" aria-label=\"20 od 24\"><figure class=\"swiper-slide-inner\"><img decoding=\"async\" class=\"swiper-slide-image\" src=\"https:\/\/www.aikidojo.hr\/wordpressnew\/wp-content\/uploads\/2026\/03\/Grupne-slider.jpg\" alt=\"Grupne-slider\" \/><\/figure><\/div><div class=\"swiper-slide\" role=\"group\" aria-roledescription=\"slide\" aria-label=\"21 od 24\"><figure class=\"swiper-slide-inner\"><img decoding=\"async\" class=\"swiper-slide-image\" src=\"https:\/\/www.aikidojo.hr\/wordpressnew\/wp-content\/uploads\/2026\/03\/Ryuji-ShirakawaVedran-Rakinic5-slider.jpg\" alt=\"Ryuji-ShirakawaVedran-Rakinic5-slider\" \/><\/figure><\/div><div class=\"swiper-slide\" role=\"group\" aria-roledescription=\"slide\" aria-label=\"22 od 24\"><figure class=\"swiper-slide-inner\"><img decoding=\"async\" class=\"swiper-slide-image\" src=\"https:\/\/www.aikidojo.hr\/wordpressnew\/wp-content\/uploads\/2026\/03\/Ryuji-ShirakawaVedran-Rakinic17-slider-1.jpg\" alt=\"Ryuji-ShirakawaVedran-Rakinic17-slider\" \/><\/figure><\/div><div class=\"swiper-slide\" role=\"group\" aria-roledescription=\"slide\" aria-label=\"23 od 24\"><figure class=\"swiper-slide-inner\"><img decoding=\"async\" class=\"swiper-slide-image\" src=\"https:\/\/www.aikidojo.hr\/wordpressnew\/wp-content\/uploads\/2026\/03\/Ryuji-ShirakawaVedran-Rakinic18-slider.jpg\" alt=\"Ryuji-ShirakawaVedran-Rakinic18-slider\" \/><\/figure><\/div><div class=\"swiper-slide\" role=\"group\" aria-roledescription=\"slide\" aria-label=\"24 od 24\"><figure class=\"swiper-slide-inner\"><img decoding=\"async\" class=\"swiper-slide-image\" src=\"https:\/\/www.aikidojo.hr\/wordpressnew\/wp-content\/uploads\/2026\/03\/IMG_2412-slider.jpg\" alt=\"IMG_2412-slider\" \/><\/figure><\/div>\t\t\t<\/div>\n\t\t\t\t\t\t\t\t\t\t\t\t<div class=\"elementor-swiper-button elementor-swiper-button-prev\" role=\"button\" tabindex=\"0\">\n\t\t\t\t\t\t<i aria-hidden=\"true\" class=\"eicon-chevron-left\"><\/i>\t\t\t\t\t<\/div>\n\t\t\t\t\t<div class=\"elementor-swiper-button elementor-swiper-button-next\" role=\"button\" tabindex=\"0\">\n\t\t\t\t\t\t<i aria-hidden=\"true\" class=\"eicon-chevron-right\"><\/i>\t\t\t\t\t<\/div>\n\t\t\t\t\n\t\t\t\t\t\t\t\t\t<\/div>\n\t\t\t\t\t\t<\/div>\n\t\t\t\t<\/div>\n\t\t\t\t\t<\/div>\n\t\t<\/div>\n\t\t\t\t\t<\/div>\n\t\t<\/section>\n\t\t\t\t<section class=\"elementor-section elementor-top-section elementor-element elementor-element-e520714 elementor-section-boxed elementor-section-height-default elementor-section-height-default wpr-particle-no wpr-jarallax-no wpr-parallax-no wpr-sticky-section-no wpr-equal-height-no\" data-id=\"e520714\" data-element_type=\"section\" data-e-type=\"section\">\n\t\t\t\t\t\t<div class=\"elementor-container elementor-column-gap-default\">\n\t\t\t\t\t<div class=\"elementor-column elementor-col-100 elementor-top-column elementor-element elementor-element-17960dd\" data-id=\"17960dd\" data-element_type=\"column\" data-e-type=\"column\">\n\t\t\t<div class=\"elementor-widget-wrap elementor-element-populated\">\n\t\t\t\t\t\t<div class=\"elementor-element elementor-element-d1043fa elementor-widget elementor-widget-spacer\" data-id=\"d1043fa\" data-element_type=\"widget\" data-e-type=\"widget\" data-widget_type=\"spacer.default\">\n\t\t\t\t<div class=\"elementor-widget-container\">\n\t\t\t\t\t\t\t<div class=\"elementor-spacer\">\n\t\t\t<div class=\"elementor-spacer-inner\"><\/div>\n\t\t<\/div>\n\t\t\t\t\t\t<\/div>\n\t\t\t\t<\/div>\n\t\t\t\t\t<\/div>\n\t\t<\/div>\n\t\t\t\t\t<\/div>\n\t\t<\/section>\n\t\t\t\t<section class=\"elementor-section elementor-top-section elementor-element elementor-element-ebf6a79 elementor-section-boxed elementor-section-height-default elementor-section-height-default wpr-particle-no wpr-jarallax-no wpr-parallax-no wpr-sticky-section-no wpr-equal-height-no\" data-id=\"ebf6a79\" data-element_type=\"section\" data-e-type=\"section\">\n\t\t\t\t\t\t<div class=\"elementor-container elementor-column-gap-default\">\n\t\t\t\t\t<div class=\"elementor-column elementor-col-25 elementor-top-column elementor-element elementor-element-49284d5\" data-id=\"49284d5\" data-element_type=\"column\" data-e-type=\"column\" data-settings=\"{&quot;background_background&quot;:&quot;classic&quot;}\">\n\t\t\t<div class=\"elementor-widget-wrap elementor-element-populated\">\n\t\t\t\t\t\t<div class=\"elementor-element elementor-element-2decffd elementor-widget elementor-widget-image\" data-id=\"2decffd\" data-element_type=\"widget\" data-e-type=\"widget\" data-widget_type=\"image.default\">\n\t\t\t\t<div class=\"elementor-widget-container\">\n\t\t\t\t\t\t\t\t\t\t\t\t\t\t\t\t<a href=\"https:\/\/aikidojo.hr\/wordpressnew\/index.php\/pocetnik-sam-i-htio-bi-poceti-vjezbati-ali-nemam-iskustva-u-borilackim-vjestinama\/\">\n\t\t\t\t\t\t\t<img fetchpriority=\"high\" decoding=\"async\" width=\"1280\" height=\"853\" src=\"https:\/\/www.aikidojo.hr\/wordpressnew\/wp-content\/uploads\/2023\/04\/839A0352-e1704713299638.jpg\" class=\"attachment-full size-full wp-image-664\" alt=\"\" \/>\t\t\t\t\t\t\t\t<\/a>\n\t\t\t\t\t\t\t\t\t\t\t\t\t\t\t<\/div>\n\t\t\t\t<\/div>\n\t\t\t\t<div class=\"elementor-element elementor-element-96a7ca0 elementor-widget__width-inherit elementor-widget elementor-widget-heading\" data-id=\"96a7ca0\" data-element_type=\"widget\" data-e-type=\"widget\" data-widget_type=\"heading.default\">\n\t\t\t\t<div class=\"elementor-widget-container\">\n\t\t\t\t\t<h2 class=\"elementor-heading-title elementor-size-default\">PO\u010cETNIK SAM I HTIO BI PO\u010cETI VJE\u017dBATI,  ALI NEMAM ISKUSTVA U BORILA\u010cKIM VJE\u0160TINAMA<\/h2>\t\t\t\t<\/div>\n\t\t\t\t<\/div>\n\t\t\t\t<div class=\"elementor-element elementor-element-56946c6 elementor-widget elementor-widget-text-editor\" data-id=\"56946c6\" data-element_type=\"widget\" data-e-type=\"widget\" data-widget_type=\"text-editor.default\">\n\t\t\t\t<div class=\"elementor-widget-container\">\n\t\t\t\t\t\t\t\t\t<p>Kada, gdje i kako po\u010deti vje\u017ebati? \u0160to mi je sve potrebno u po\u010detku? <a title=\"Po\u010detnik sam i htio bi po\u010deti vje\u017ebati, ali nemam iskustva u borila\u010dkim vje\u0161tinama\" href=\"https:\/\/aikidojo.hr\/wordpressnew\/index.php\/pocetnik-sam-i-htio-bi-poceti-vjezbati-ali-nemam-iskustva-u-borilackim-vjestinama\/\" data-wplink-edit=\"true\">Vi\u0161e<\/a>&#8230;<\/p>\t\t\t\t\t\t\t\t<\/div>\n\t\t\t\t<\/div>\n\t\t\t\t\t<\/div>\n\t\t<\/div>\n\t\t\t\t<div class=\"elementor-column elementor-col-25 elementor-top-column elementor-element elementor-element-bcc6fa4\" data-id=\"bcc6fa4\" data-element_type=\"column\" data-e-type=\"column\" data-settings=\"{&quot;background_background&quot;:&quot;classic&quot;}\">\n\t\t\t<div class=\"elementor-widget-wrap elementor-element-populated\">\n\t\t\t\t\t\t<div class=\"elementor-element elementor-element-33b640a elementor-widget elementor-widget-image\" data-id=\"33b640a\" data-element_type=\"widget\" data-e-type=\"widget\" data-widget_type=\"image.default\">\n\t\t\t\t<div class=\"elementor-widget-container\">\n\t\t\t\t\t\t\t\t\t\t\t\t\t\t\t\t<a href=\"https:\/\/aikidojo.hr\/wordpressnew\/index.php\/pridruzite-nam-se\/\">\n\t\t\t\t\t\t\t<img decoding=\"async\" width=\"1280\" height=\"853\" src=\"https:\/\/www.aikidojo.hr\/wordpressnew\/wp-content\/uploads\/2023\/04\/839A0263-e1704713483631.jpg\" class=\"attachment-full size-full wp-image-668\" alt=\"\" \/>\t\t\t\t\t\t\t\t<\/a>\n\t\t\t\t\t\t\t\t\t\t\t\t\t\t\t<\/div>\n\t\t\t\t<\/div>\n\t\t\t\t<div class=\"elementor-element elementor-element-5f03e75 elementor-widget elementor-widget-heading\" data-id=\"5f03e75\" data-element_type=\"widget\" data-e-type=\"widget\" data-widget_type=\"heading.default\">\n\t\t\t\t<div class=\"elementor-widget-container\">\n\t\t\t\t\t<h2 class=\"elementor-heading-title elementor-size-small\">PRIDRU\u017dITE NAM SE<\/h2>\t\t\t\t<\/div>\n\t\t\t\t<\/div>\n\t\t\t\t<div class=\"elementor-element elementor-element-1958749 elementor-widget elementor-widget-text-editor\" data-id=\"1958749\" data-element_type=\"widget\" data-e-type=\"widget\" data-widget_type=\"text-editor.default\">\n\t\t\t\t<div class=\"elementor-widget-container\">\n\t\t\t\t\t\t\t\t\t<p>Ako u Va\u0161em mjestu nema Aikidoa do\u0111ite i upoznajte se sa nama uz mogu\u0107nost organiziranja seminara ili treninga u va\u0161em mjestu. Aktivnosti su namjenjene svim uzrastima&#8230; <a title=\"PRIDRU\u017dITE NAM SE\" href=\"https:\/\/aikidojo.hr\/wordpressnew\/index.php\/pridruzite-nam-se\/\" data-wplink-edit=\"true\">Vi\u0161e<\/a>&#8230;<\/p>\t\t\t\t\t\t\t\t<\/div>\n\t\t\t\t<\/div>\n\t\t\t\t\t<\/div>\n\t\t<\/div>\n\t\t\t\t<div class=\"elementor-column elementor-col-25 elementor-top-column elementor-element elementor-element-e411cc3\" data-id=\"e411cc3\" data-element_type=\"column\" data-e-type=\"column\" data-settings=\"{&quot;background_background&quot;:&quot;classic&quot;}\">\n\t\t\t<div class=\"elementor-widget-wrap elementor-element-populated\">\n\t\t\t\t\t\t<div class=\"elementor-element elementor-element-388a0eb elementor-widget elementor-widget-image\" data-id=\"388a0eb\" data-element_type=\"widget\" data-e-type=\"widget\" data-widget_type=\"image.default\">\n\t\t\t\t<div class=\"elementor-widget-container\">\n\t\t\t\t\t\t\t\t\t\t\t\t\t\t\t\t<a href=\"https:\/\/aikidojo.hr\/wordpressnew\/index.php\/odrasli-i-aikido\/\">\n\t\t\t\t\t\t\t<img decoding=\"async\" width=\"1280\" height=\"853\" src=\"https:\/\/www.aikidojo.hr\/wordpressnew\/wp-content\/uploads\/2024\/01\/839A0357-1-e1704442105806.jpg\" class=\"attachment-full size-full wp-image-9609\" alt=\"\" \/>\t\t\t\t\t\t\t\t<\/a>\n\t\t\t\t\t\t\t\t\t\t\t\t\t\t\t<\/div>\n\t\t\t\t<\/div>\n\t\t\t\t<div class=\"elementor-element elementor-element-ca5b275 elementor-widget__width-inherit elementor-widget elementor-widget-heading\" data-id=\"ca5b275\" data-element_type=\"widget\" data-e-type=\"widget\" data-widget_type=\"heading.default\">\n\t\t\t\t<div class=\"elementor-widget-container\">\n\t\t\t\t\t<h2 class=\"elementor-heading-title elementor-size-default\">ODRASLI I AIKIDO<\/h2>\t\t\t\t<\/div>\n\t\t\t\t<\/div>\n\t\t\t\t<div class=\"elementor-element elementor-element-1f25ebe elementor-widget elementor-widget-text-editor\" data-id=\"1f25ebe\" data-element_type=\"widget\" data-e-type=\"widget\" data-widget_type=\"text-editor.default\">\n\t\t\t\t<div class=\"elementor-widget-container\">\n\t\t\t\t\t\t\t\t\t<p>Aikido za odrasle jest u osnovi u\u010denje o ne-sukobljavanju i temelji se na primjeni tradicijskih aikido umije\u0107a kako bi se \u010dovjek preusmjerio i uskladio s prijete\u0107om&#8230; <a title=\"Odrasli i Aikido\" href=\"https:\/\/aikidojo.hr\/wordpressnew\/index.php\/odrasli-i-aikido\/\" data-wplink-edit=\"true\">Vi\u0161e<\/a>&#8230;<\/p>\t\t\t\t\t\t\t\t<\/div>\n\t\t\t\t<\/div>\n\t\t\t\t\t<\/div>\n\t\t<\/div>\n\t\t\t\t<div class=\"elementor-column elementor-col-25 elementor-top-column elementor-element elementor-element-6dca2de\" data-id=\"6dca2de\" data-element_type=\"column\" data-e-type=\"column\" data-settings=\"{&quot;background_background&quot;:&quot;classic&quot;}\">\n\t\t\t<div class=\"elementor-widget-wrap elementor-element-populated\">\n\t\t\t\t\t\t<div class=\"elementor-element elementor-element-7bed492 elementor-widget elementor-widget-image\" data-id=\"7bed492\" data-element_type=\"widget\" data-e-type=\"widget\" data-widget_type=\"image.default\">\n\t\t\t\t<div class=\"elementor-widget-container\">\n\t\t\t\t\t\t\t\t\t\t\t\t\t\t\t\t<a href=\"https:\/\/aikidojo.hr\/wordpressnew\/index.php\/djeca-mladi-i-aikido\/\">\n\t\t\t\t\t\t\t<img loading=\"lazy\" decoding=\"async\" width=\"1281\" height=\"852\" src=\"https:\/\/www.aikidojo.hr\/wordpressnew\/wp-content\/uploads\/2023\/04\/vedran-rakinic_azdh_sesvete-3-e1704713847371.jpg\" class=\"attachment-full size-full wp-image-774\" alt=\"\" srcset=\"https:\/\/www.aikidojo.hr\/wordpressnew\/wp-content\/uploads\/2023\/04\/vedran-rakinic_azdh_sesvete-3-e1704713847371.jpg 1281w, https:\/\/www.aikidojo.hr\/wordpressnew\/wp-content\/uploads\/2023\/04\/vedran-rakinic_azdh_sesvete-3-e1704713847371-300x200.jpg 300w, https:\/\/www.aikidojo.hr\/wordpressnew\/wp-content\/uploads\/2023\/04\/vedran-rakinic_azdh_sesvete-3-e1704713847371-1024x681.jpg 1024w, https:\/\/www.aikidojo.hr\/wordpressnew\/wp-content\/uploads\/2023\/04\/vedran-rakinic_azdh_sesvete-3-e1704713847371-768x511.jpg 768w, https:\/\/www.aikidojo.hr\/wordpressnew\/wp-content\/uploads\/2023\/04\/vedran-rakinic_azdh_sesvete-3-e1704713847371-100x67.jpg 100w, https:\/\/www.aikidojo.hr\/wordpressnew\/wp-content\/uploads\/2023\/04\/vedran-rakinic_azdh_sesvete-3-e1704713847371-150x100.jpg 150w, https:\/\/www.aikidojo.hr\/wordpressnew\/wp-content\/uploads\/2023\/04\/vedran-rakinic_azdh_sesvete-3-e1704713847371-200x133.jpg 200w, https:\/\/www.aikidojo.hr\/wordpressnew\/wp-content\/uploads\/2023\/04\/vedran-rakinic_azdh_sesvete-3-e1704713847371-450x299.jpg 450w, https:\/\/www.aikidojo.hr\/wordpressnew\/wp-content\/uploads\/2023\/04\/vedran-rakinic_azdh_sesvete-3-e1704713847371-600x399.jpg 600w, https:\/\/www.aikidojo.hr\/wordpressnew\/wp-content\/uploads\/2023\/04\/vedran-rakinic_azdh_sesvete-3-e1704713847371-900x599.jpg 900w\" sizes=\"(max-width: 1281px) 100vw, 1281px\" \/>\t\t\t\t\t\t\t\t<\/a>\n\t\t\t\t\t\t\t\t\t\t\t\t\t\t\t<\/div>\n\t\t\t\t<\/div>\n\t\t\t\t<div class=\"elementor-element elementor-element-24671cb elementor-widget__width-inherit elementor-widget elementor-widget-heading\" data-id=\"24671cb\" data-element_type=\"widget\" data-e-type=\"widget\" data-widget_type=\"heading.default\">\n\t\t\t\t<div class=\"elementor-widget-container\">\n\t\t\t\t\t<h2 class=\"elementor-heading-title elementor-size-default\">DJECA, MLADI I AIKIDO<\/h2>\t\t\t\t<\/div>\n\t\t\t\t<\/div>\n\t\t\t\t<div class=\"elementor-element elementor-element-12389b8 elementor-widget elementor-widget-text-editor\" data-id=\"12389b8\" data-element_type=\"widget\" data-e-type=\"widget\" data-widget_type=\"text-editor.default\">\n\t\t\t\t<div class=\"elementor-widget-container\">\n\t\t\t\t\t\t\t\t\t<p>Aikido je japanska vje\u0161tina koja poti\u010de dijete nenasilnom umije\u0107u rje\u0161avanja sukoba u svakodnevnom \u017eivotu. Aikido ih u\u010di disciplini, po\u0161tovanju me\u0111u sobom i drugima. <a title=\"DJECA, MLADI I AIKIDO\" href=\"https:\/\/aikidojo.hr\/wordpressnew\/index.php\/djeca-mladi-i-aikido\/\" data-wplink-edit=\"true\">Vi\u0161e<\/a>&#8230;<\/p>\t\t\t\t\t\t\t\t<\/div>\n\t\t\t\t<\/div>\n\t\t\t\t\t<\/div>\n\t\t<\/div>\n\t\t\t\t\t<\/div>\n\t\t<\/section>\n\t\t\t\t<\/div>\n\t\t","protected":false},"excerpt":{"rendered":"<p>PO\u010cETNIK SAM I HTIO BI PO\u010cETI VJE\u017dBATI, ALI NEMAM ISKUSTVA U BORILA\u010cKIM VJE\u0160TINAMA Kada, gdje i kako po\u010deti vje\u017ebati? \u0160to mi je sve potrebno u po\u010detku? Vi\u0161e&#8230; PRIDRU\u017dITE NAM SE Ako u Va\u0161em mjestu nema Aikidoa do\u0111ite i upoznajte se &hellip;<\/p>\n<p class=\"read-more\"> <a class=\"more-link\" href=\"https:\/\/www.aikidojo.hr\/wordpressnew\/\"> <span class=\"screen-reader-text\">Aikido dojo klub<\/span> Read More &raquo;<\/a><\/p>\n","protected":false},"author":2,"featured_media":0,"parent":0,"menu_order":0,"comment_status":"closed","ping_status":"closed","template":"elementor_header_footer","meta":{"footnotes":""},"class_list":["post-10277","page","type-page","status-publish","hentry"],"_links":{"self":[{"href":"https:\/\/www.aikidojo.hr\/wordpressnew\/wp-json\/wp\/v2\/pages\/10277","targetHints":{"allow":["GET"]}}],"collection":[{"href":"https:\/\/www.aikidojo.hr\/wordpressnew\/wp-json\/wp\/v2\/pages"}],"about":[{"href":"https:\/\/www.aikidojo.hr\/wordpressnew\/wp-json\/wp\/v2\/types\/page"}],"author":[{"embeddable":true,"href":"https:\/\/www.aikidojo.hr\/wordpressnew\/wp-json\/wp\/v2\/users\/2"}],"replies":[{"embeddable":true,"href":"https:\/\/www.aikidojo.hr\/wordpressnew\/wp-json\/wp\/v2\/comments?post=10277"}],"version-history":[{"count":40,"href":"https:\/\/www.aikidojo.hr\/wordpressnew\/wp-json\/wp\/v2\/pages\/10277\/revisions"}],"predecessor-version":[{"id":10737,"href":"https:\/\/www.aikidojo.hr\/wordpressnew\/wp-json\/wp\/v2\/pages\/10277\/revisions\/10737"}],"wp:attachment":[{"href":"https:\/\/www.aikidojo.hr\/wordpressnew\/wp-json\/wp\/v2\/media?parent=10277"}],"curies":[{"name":"wp","href":"https:\/\/api.w.org\/{rel}","templated":true}]}}