{"id":10307,"date":"2025-12-15T10:24:40","date_gmt":"2025-12-15T09:24:40","guid":{"rendered":"https:\/\/www.aikidojo.hr\/wordpressnew\/?page_id=10307"},"modified":"2025-12-15T10:49:50","modified_gmt":"2025-12-15T09:49:50","slug":"individualni-aikido-treninzi","status":"publish","type":"page","link":"https:\/\/www.aikidojo.hr\/wordpressnew\/individualni-aikido-treninzi\/","title":{"rendered":"Individualni aikido treninzi"},"content":{"rendered":"\t\t<div data-elementor-type=\"wp-page\" data-elementor-id=\"10307\" class=\"elementor elementor-10307\">\n\t\t\t\t\t\t<section class=\"elementor-section elementor-top-section elementor-element elementor-element-218024e elementor-section-boxed elementor-section-height-default elementor-section-height-default wpr-particle-no wpr-jarallax-no wpr-parallax-no wpr-sticky-section-no\" data-id=\"218024e\" data-element_type=\"section\" data-e-type=\"section\">\n\t\t\t\t\t\t<div class=\"elementor-container elementor-column-gap-default\">\n\t\t\t\t\t<div class=\"elementor-column elementor-col-100 elementor-top-column elementor-element elementor-element-1bfaa0c\" data-id=\"1bfaa0c\" data-element_type=\"column\" data-e-type=\"column\" data-settings=\"{&quot;background_background&quot;:&quot;classic&quot;}\">\n\t\t\t<div class=\"elementor-widget-wrap elementor-element-populated\">\n\t\t\t\t\t\t<div class=\"elementor-element elementor-element-7e66a46 elementor-widget elementor-widget-heading\" data-id=\"7e66a46\" data-element_type=\"widget\" data-e-type=\"widget\" data-widget_type=\"heading.default\">\n\t\t\t\t<div class=\"elementor-widget-container\">\n\t\t\t\t\t<h1 class=\"elementor-heading-title elementor-size-default\">Individualni aikido treninzi<\/h1>\t\t\t\t<\/div>\n\t\t\t\t<\/div>\n\t\t\t\t\t<\/div>\n\t\t<\/div>\n\t\t\t\t\t<\/div>\n\t\t<\/section>\n\t\t\t\t<section class=\"elementor-section elementor-top-section elementor-element elementor-element-2a29aeb elementor-section-boxed elementor-section-height-default elementor-section-height-default wpr-particle-no wpr-jarallax-no wpr-parallax-no wpr-sticky-section-no\" data-id=\"2a29aeb\" data-element_type=\"section\" data-e-type=\"section\">\n\t\t\t\t\t\t<div class=\"elementor-container elementor-column-gap-default\">\n\t\t\t\t\t<div class=\"elementor-column elementor-col-100 elementor-top-column elementor-element elementor-element-fbcb824\" data-id=\"fbcb824\" data-element_type=\"column\" data-e-type=\"column\">\n\t\t\t<div class=\"elementor-widget-wrap elementor-element-populated\">\n\t\t\t\t\t\t<div class=\"elementor-element elementor-element-a63cdc1 elementor-widget elementor-widget-text-editor\" data-id=\"a63cdc1\" data-element_type=\"widget\" data-e-type=\"widget\" data-widget_type=\"text-editor.default\">\n\t\t\t\t<div class=\"elementor-widget-container\">\n\t\t\t\t\t\t\t\t\t<p><img decoding=\"async\" class=\"size-full wp-image-10319 alignleft\" src=\"https:\/\/www.aikidojo.hr\/wordpressnew\/wp-content\/uploads\/2025\/12\/IndividualniTreninzi.png\" alt=\"\" width=\"201\" height=\"221\" srcset=\"https:\/\/www.aikidojo.hr\/wordpressnew\/wp-content\/uploads\/2025\/12\/IndividualniTreninzi.png 201w, https:\/\/www.aikidojo.hr\/wordpressnew\/wp-content\/uploads\/2025\/12\/IndividualniTreninzi-11x12.png 11w, https:\/\/www.aikidojo.hr\/wordpressnew\/wp-content\/uploads\/2025\/12\/IndividualniTreninzi-100x110.png 100w, https:\/\/www.aikidojo.hr\/wordpressnew\/wp-content\/uploads\/2025\/12\/IndividualniTreninzi-150x165.png 150w\" sizes=\"(max-width: 201px) 100vw, 201px\" \/>Prilago\u0111eni termin i program vje\u017ebanja koji se fokusiraju na va\u0161e specifi\u010dne ciljeve i potrebe.<\/p><p>Termini vje\u017ebanja od ranog jutra do kasne ve\u010deri, prilago\u0111avaju\u0107i se va\u0161em rasporedu.<\/p><p>Informacije na 0918806622 ili <a href=\"mailto:aikidojo@aikidojo.hr\">aikidojo@aikidojo.hr<\/a><\/p>\t\t\t\t\t\t\t\t<\/div>\n\t\t\t\t<\/div>\n\t\t\t\t\t<\/div>\n\t\t<\/div>\n\t\t\t\t\t<\/div>\n\t\t<\/section>\n\t\t\t\t<\/div>\n\t\t","protected":false},"excerpt":{"rendered":"<p>Individualni aikido treninzi Prilago\u0111eni termin i program vje\u017ebanja koji se fokusiraju na va\u0161e specifi\u010dne ciljeve i potrebe. Termini vje\u017ebanja od ranog jutra do kasne ve\u010deri, prilago\u0111avaju\u0107i se va\u0161em rasporedu. Informacije na 0918806622 ili aikidojo@aikidojo.hr<\/p>\n","protected":false},"author":2,"featured_media":0,"parent":0,"menu_order":0,"comment_status":"closed","ping_status":"closed","template":"elementor_header_footer","meta":{"footnotes":""},"class_list":["post-10307","page","type-page","status-publish","hentry"],"aioseo_notices":[],"_links":{"self":[{"href":"https:\/\/www.aikidojo.hr\/wordpressnew\/wp-json\/wp\/v2\/pages\/10307","targetHints":{"allow":["GET"]}}],"collection":[{"href":"https:\/\/www.aikidojo.hr\/wordpressnew\/wp-json\/wp\/v2\/pages"}],"about":[{"href":"https:\/\/www.aikidojo.hr\/wordpressnew\/wp-json\/wp\/v2\/types\/page"}],"author":[{"embeddable":true,"href":"https:\/\/www.aikidojo.hr\/wordpressnew\/wp-json\/wp\/v2\/users\/2"}],"replies":[{"embeddable":true,"href":"https:\/\/www.aikidojo.hr\/wordpressnew\/wp-json\/wp\/v2\/comments?post=10307"}],"version-history":[{"count":12,"href":"https:\/\/www.aikidojo.hr\/wordpressnew\/wp-json\/wp\/v2\/pages\/10307\/revisions"}],"predecessor-version":[{"id":10322,"href":"https:\/\/www.aikidojo.hr\/wordpressnew\/wp-json\/wp\/v2\/pages\/10307\/revisions\/10322"}],"wp:attachment":[{"href":"https:\/\/www.aikidojo.hr\/wordpressnew\/wp-json\/wp\/v2\/media?parent=10307"}],"curies":[{"name":"wp","href":"https:\/\/api.w.org\/{rel}","templated":true}]}}