{"id":9721,"date":"2024-02-12T15:11:29","date_gmt":"2024-02-12T14:11:29","guid":{"rendered":"https:\/\/www.aikidojo.hr\/wordpressnew\/?page_id=9721"},"modified":"2024-02-13T12:26:35","modified_gmt":"2024-02-13T11:26:35","slug":"politika-privatnosti","status":"publish","type":"page","link":"https:\/\/www.aikidojo.hr\/wordpressnew\/politika-privatnosti\/","title":{"rendered":"Politika privatnosti"},"content":{"rendered":"\t\t<div data-elementor-type=\"wp-page\" data-elementor-id=\"9721\" class=\"elementor elementor-9721\">\n\t\t\t\t\t\t<section class=\"elementor-section elementor-top-section elementor-element elementor-element-20fe6ae elementor-section-boxed elementor-section-height-default elementor-section-height-default wpr-particle-no wpr-jarallax-no wpr-parallax-no wpr-sticky-section-no wpr-equal-height-no\" data-id=\"20fe6ae\" data-element_type=\"section\" data-e-type=\"section\">\n\t\t\t\t\t\t<div class=\"elementor-container elementor-column-gap-default\">\n\t\t\t\t\t<div class=\"elementor-column elementor-col-100 elementor-top-column elementor-element elementor-element-9e12cb9\" data-id=\"9e12cb9\" data-element_type=\"column\" data-e-type=\"column\" data-settings=\"{&quot;background_background&quot;:&quot;classic&quot;}\">\n\t\t\t<div class=\"elementor-widget-wrap elementor-element-populated\">\n\t\t\t\t\t\t<div class=\"elementor-element elementor-element-13e4cbc elementor-widget elementor-widget-heading\" data-id=\"13e4cbc\" data-element_type=\"widget\" data-e-type=\"widget\" data-widget_type=\"heading.default\">\n\t\t\t\t<div class=\"elementor-widget-container\">\n\t\t\t\t\t<h1 class=\"elementor-heading-title elementor-size-default\">Politika privatnosti<\/h1>\t\t\t\t<\/div>\n\t\t\t\t<\/div>\n\t\t\t\t\t<\/div>\n\t\t<\/div>\n\t\t\t\t\t<\/div>\n\t\t<\/section>\n\t\t\t\t<section class=\"elementor-section elementor-top-section elementor-element elementor-element-4571849 elementor-section-boxed elementor-section-height-default elementor-section-height-default wpr-particle-no wpr-jarallax-no wpr-parallax-no wpr-sticky-section-no wpr-equal-height-no\" data-id=\"4571849\" data-element_type=\"section\" data-e-type=\"section\">\n\t\t\t\t\t\t<div class=\"elementor-container elementor-column-gap-default\">\n\t\t\t\t\t<div class=\"elementor-column elementor-col-100 elementor-top-column elementor-element elementor-element-3af6015\" data-id=\"3af6015\" data-element_type=\"column\" data-e-type=\"column\">\n\t\t\t<div class=\"elementor-widget-wrap elementor-element-populated\">\n\t\t\t\t\t\t<div class=\"elementor-element elementor-element-a63dc78 elementor-widget elementor-widget-text-editor\" data-id=\"a63dc78\" data-element_type=\"widget\" data-e-type=\"widget\" data-widget_type=\"text-editor.default\">\n\t\t\t\t<div class=\"elementor-widget-container\">\n\t\t\t\t\t\t\t\t\t<p><strong>INFORMACIJE O OBRADI OSOBNIH PODATAKA<\/strong><\/p><p><strong>Voditelj obrade podataka:<\/strong><br \/>AIKIDO DOJO KLUB <br \/>Vepri\u010dka ul. 15, <br \/>10360 Zagreb<br \/>Hrvatska<br \/>OIB: 07533068018<br \/>Web-stranica: <span class=\"cmplz-contact-domain\"><a href=\"https:\/\/www.aikidojo.hr\/wordpressnew\">https:\/\/www.aikidojo.hr\/<\/a><\/span><br \/>E-mail: aikidojo<span class=\"cmplz-contact-email\"><span class=\"cmplz-obfuscate\">@aikidojo.hr<\/span><\/span><br \/><span class=\"cmplz-contact-telephone\">Broj telefona: +385 91 880 66 22<\/span><\/p><p><strong>Slu\u017ebenik za za\u0161titu podataka<br \/><\/strong>Sva dodatna pitanja vezana za obradu osobnih podataka, molimo uputite na\u0161em\u00a0 slu\u017ebeniku za za\u0161titu podataka:<\/p><p><em>Po\u0161tom:<\/em>\u00a0<\/p><p>AIKIDO DOJO KLUB<br \/>Slu\u017ebenik za za\u0161titu podataka<br \/>Vepri\u010dka ul. 15<br \/>10360 Zagreb<br \/>Hrvatska<\/p><p><em>e-po\u0161tom:<\/em> <br \/>aikidojo@aikidojo.hr<\/p><p><strong>Svrha prikupljanja podataka<\/strong><br \/>Podatke prikupljamo i obra\u0111ujemo u svrhu:<\/p><p>&#8211; upisa i vo\u0111enja evidencije o \u010dlanovima kluba<br \/>&#8211; obavje\u0161tavanja \u010dlanova kluba o zbivanjima vezanim uz aktivnosti kluba<\/p><p><strong>Zakonitost obrade podataka<\/strong><br \/>Podatke prikupljamo i obra\u0111ujemo temeljom:<\/p><ul><li>\u010dlanka 6. stavak 1. to\u010dka (a), (c) i (f) Op\u0107e Uredbe o za\u0161titi podataka (dalje: Uredba).<\/li><li>obveze o obaveznom vo\u0111enju evidencija \u010dlanova koja proizlazi iz Zakona o udrugama<\/li><\/ul><p><strong>Podaci koje prikupljamo i obra\u0111ujemo<\/strong><br \/>Podaci koje mo\u017eemo prikupljati putem ove web stranice i na\u0161e adrese elektroni\u010dke po\u0161te su:<\/p><ul><li>ime i prezime \u010dlana<\/li><li>datum ro\u0111enja<\/li><li>OIB<\/li><li>ime i prezime roditelja\/skrbnika<\/li><li>ulica i ku\u0107ni broj<\/li><li>naselje<\/li><li>po\u0161tanski broj<\/li><li>adresa e-po\u0161te<\/li><li>broj telefona\/mobitela.<\/li><\/ul><p><strong>Razdoblje pohrane<\/strong><br \/>Va\u0161im podacima raspola\u017eemo dok traje \u010dlanstvo u klubu i\/ili dok ne prestanu pravne posljedice takvog \u010dlanskog odnosa, a najkasnije po isteku svih zakonskih obveza pohranjivanja ili ako postoji mogu\u0107nost vo\u0111enja drugih pravnih postupaka u vezi s pravima i obvezama iz \u010dlanskog odnosa. <br \/>Podnesete li pritu\u017ebu, Va\u0161e podatke \u010duvamo do dovr\u0161etka postupka po pritu\u017ebi, sve u skladu s va\u017ee\u0107im propisima. <br \/>Podaci koji se obra\u0111uju temeljem Va\u0161e korisni\u010dke privole biti \u0107e pohranjeni sve dok takvu privolu ne povu\u010dete i zatra\u017eite brisanje.<\/p><p><strong>Kategorije primatelja podataka<\/strong><br \/>U okviru na\u0161eg djelovanja, Va\u0161e podatke mo\u017eemo proslijediti: <br \/>a) knjigovotstvenom servisu koji prati na\u0161e poslovanje.<\/p><p>b) nadle\u017enim tijelima,\u00a0 u slu\u010daju da smo na to obvezani zakonom.<\/p><p>Prava i obveze primatelja podataka u vezi s obradom osobnih podataka ure\u0111ena su i nadopunjena u ugovorima o suradnji, a sukladno propisima iz podru\u010dja za\u0161tite osobnih podataka.<\/p><p><strong>Sigurnost obrade<\/strong><br \/>U svrhu za\u0161tite Va\u0161ih osobnih podataka uveli smo odgovaraju\u0107e tehni\u010dke i organizacijske mjere kako bi se osobni podaci za\u0161titili od slu\u010dajnog ili nezakonitog uni\u0161tenja ili slu\u010dajnog gubitka, <br \/>izmjene, neovla\u0161tenog otkrivanja ili pristupa.<br \/>Pristup osobnim podacima dopu\u0161ten je isklju\u010divo ovla\u0161tenim osobama u poslovne svrhe koji se obvezuju na \u010duvanje osobnih podataka potpisivanjem odgovaraju\u0107e Izjave o povjerljivosti.<\/p><p><strong>Prava ispitanika<\/strong><br \/>AIKIDO DOJO KLUB prilikom obrade osobnih podataka ispitanicima priznaje sva prava sukladno va\u017ee\u0107im odredbama iz Uredbe i to:<\/p><p><strong>Pravo na pristup<\/strong><br \/>U svakom trenutku mo\u017eete od nas zatra\u017eiti potvrdu obra\u0111uju li se Va\u0161i osobni podaci, a ako se obra\u0111uju, imate pravo:<\/p><ul><li>pristupa osobnim podacima<\/li><li>na informaciju o svrsi obrade<\/li><li>na informaciju o kategorijama primatelja podataka<\/li><li>na informaciju o roku pohrane<\/li><\/ul><p><strong>Pravo na ispravak<\/strong><br \/>Vjerujemo da su Va\u0161i osobni podaci koje nam Vi dajete potpuni, to\u010dni i a\u017eurirani. <br \/>Molimo da nas odmah, bez odga\u0111anja, obavijestite o izmjenama ili nepravilnostima Va\u0161ih osobnih podataka.<\/p><p><strong>Pravo na brisanje<\/strong><br \/>Imate pravo postaviti zahtjev za brisanje svojih osobnih podataka. <br \/>U slu\u010daju opravdanosti zahtjeva i ako nas zakonska regulativa ne obvezuje na pohranu podataka, podaci \u0107e biti izbrisani bez nepotrebnog odga\u0111anja. <br \/>Ukoliko postoje razlozi koji nas onemogu\u0107uju ili ograni\u010davaju u udovoljavanju zahtjeva, o tome \u0107emo Vas u najkra\u0107em roku obavijestiti u odgovoru na zahtjev.<\/p><p><strong>Pravo na ograni\u010denje obrade<\/strong><br \/>Pravo na ograni\u010denje obrade Va\u0161ih osobnih podataka mo\u017eete zatra\u017eiti u sljede\u0107im slu\u010dajevima: <br \/>a) ako osporavate to\u010dnost osobnih podataka (na razdoblje kojim nam se omogu\u0107uje provjera to\u010dnosti osobnih podataka), <br \/>b) ako je po Va\u0161em mi\u0161ljenju, obrada nezakonita i protivite se brisanju te umjesto toga tra\u017eite ograni\u010denje uporabe Va\u0161ih osobnih podataka, <br \/>c) ako nam podaci vi\u0161e nisu potrebni za predvi\u0111ene svrhe, ali su Vama jo\u0161 potrebni radi postavljanja, ostvarivanja ili obrane pravnih zahtjeva.<\/p><p><strong>Pravo na prigovor<\/strong><br \/>Prigovor u vezi s obradom osobnih podataka mo\u017eete nam u svakom trenutku dostaviti i na temelju Va\u0161e posebne situacije ulo\u017eiti prigovor na obradu osobnih podataka koju provodimo.<br \/>Pregledat \u0107emo i procijeniti Va\u0161u pritu\u017ebu te Vas mo\u017eemo kontaktirati za dodatne informacije ako je to potrebno.<br \/>Sve pritu\u017ebe ili prigovore nastojimo obraditi u roku od 30 dana. <br \/>Ako u roku od 30 dana ne uspijemo donijeti odluku, obavijestit \u0107emo Vas o razlozima ka\u0161njenja i roku u kojem se o\u010dekuje da donesemo odluku (ne du\u017ee od 60 dana od primitka prigovora).<\/p><p><strong>Povla\u010denje privole<\/strong><br \/>Ako ste dali privolu za obradu Va\u0161ih osobnih podataka u pojedina\u010dno odre\u0111ene svrhe, istu mo\u017eete povu\u0107i u svako doba. <br \/>Povla\u010denjem privole Va\u0161i podaci se vi\u0161e ne\u0107e koristiti u svrhu za koju ste prvotno dali privolu. <br \/>Tako\u0111er Vas obavje\u0161tavamo da naknadno povla\u010denje privole ne utje\u010de na obradu podataka izvr\u0161enu prije samog povla\u010denja privole. <br \/>Povla\u010denje privole u cijelosti je besplatno i zahtjev za povla\u010denje iste nije potrebno obrazlo\u017eiti.<\/p><p>Sva prava koja se ti\u010du osobnih podataka ostvarujete podno\u0161enjem pisanog zahtjeva slu\u017ebeniku za za\u0161titu podataka putem po\u0161te ili adrese e-po\u0161te.<\/p><p><strong>Obavijest o promjenama<\/strong><br \/>Ukoliko bude potrebno Politika privatnosti \u0107e biti a\u017eurirana tako da uvijek bude u skladu s eventualnim promjenama u poslovanju, te zadr\u017eavamo pravo promjene njenog sadr\u017eaja kada je to nu\u017eno. <br \/>Sve promjene biti \u0107e dostupne na ovom mjestu, na na\u0161oj internetskoj stranici, te se bilo kada mo\u017eete upoznati s njima.<br \/>Posljednji pregled i a\u017euriranje izvr\u0161eno je 12. velja\u010de\u00a0 2024.\u00a0 godine.<\/p><p><strong>Na\u010din ostvarivanja prava<\/strong><br \/>Ako smatrate da prilikom obrade nismo postupili sukladno propisima koji reguliraju za\u0161titu <br \/>podataka, molimo da nam se obratite kako bismo Vam pojasnili na\u0161a odre\u0111ena postupanja.<br \/>Po svakom postavljenom zahtjevu odgovoriti \u0107emo u najkra\u0107em mogu\u0107em roku, a najkasnije u <br \/>roku od 30 dana (u slu\u010daju kompleksnijeg zahtjeva rok za odgovor se mo\u017ee produ\u017eiti na 60 dana<br \/>od dana primitka).<br \/>Prilikom postavljanja zahtjeva, molimo da nam dostavite nu\u017ene podatke koji su nam potrebni za postupanje po Va\u0161em zahtjevu i za Va\u0161u identifikaciju. <br \/><br \/>Ako smatrate kako je do\u0161lo do povrede Va\u0161ih prava mo\u017eete uputiti prigovor na:<\/p><p>Agencija za za\u0161titu osobnih podataka <br \/>Selska cesta 136,<br \/>Zagreb<br \/>Hrvatska<\/p>\t\t\t\t\t\t\t\t<\/div>\n\t\t\t\t<\/div>\n\t\t\t\t\t<\/div>\n\t\t<\/div>\n\t\t\t\t\t<\/div>\n\t\t<\/section>\n\t\t\t\t<\/div>\n\t\t","protected":false},"excerpt":{"rendered":"<p>Politika privatnosti INFORMACIJE O OBRADI OSOBNIH PODATAKA Voditelj obrade podataka:AIKIDO DOJO KLUB Vepri\u010dka ul. 15, 10360 ZagrebHrvatskaOIB: 07533068018Web-stranica: https:\/\/www.aikidojo.hr\/E-mail: aikidojo@aikidojo.hrBroj telefona: +385 91 880 66 22 Slu\u017ebenik za za\u0161titu podatakaSva dodatna pitanja vezana za obradu osobnih podataka, molimo uputite na\u0161em\u00a0 &hellip;<\/p>\n<p class=\"read-more\"> <a class=\"more-link\" href=\"https:\/\/www.aikidojo.hr\/wordpressnew\/politika-privatnosti\/\"> <span class=\"screen-reader-text\">Politika privatnosti<\/span> Read More &raquo;<\/a><\/p>\n","protected":false},"author":2,"featured_media":0,"parent":0,"menu_order":0,"comment_status":"closed","ping_status":"closed","template":"elementor_header_footer","meta":{"footnotes":""},"class_list":["post-9721","page","type-page","status-publish","hentry"],"_links":{"self":[{"href":"https:\/\/www.aikidojo.hr\/wordpressnew\/wp-json\/wp\/v2\/pages\/9721","targetHints":{"allow":["GET"]}}],"collection":[{"href":"https:\/\/www.aikidojo.hr\/wordpressnew\/wp-json\/wp\/v2\/pages"}],"about":[{"href":"https:\/\/www.aikidojo.hr\/wordpressnew\/wp-json\/wp\/v2\/types\/page"}],"author":[{"embeddable":true,"href":"https:\/\/www.aikidojo.hr\/wordpressnew\/wp-json\/wp\/v2\/users\/2"}],"replies":[{"embeddable":true,"href":"https:\/\/www.aikidojo.hr\/wordpressnew\/wp-json\/wp\/v2\/comments?post=9721"}],"version-history":[{"count":58,"href":"https:\/\/www.aikidojo.hr\/wordpressnew\/wp-json\/wp\/v2\/pages\/9721\/revisions"}],"predecessor-version":[{"id":9789,"href":"https:\/\/www.aikidojo.hr\/wordpressnew\/wp-json\/wp\/v2\/pages\/9721\/revisions\/9789"}],"wp:attachment":[{"href":"https:\/\/www.aikidojo.hr\/wordpressnew\/wp-json\/wp\/v2\/media?parent=9721"}],"curies":[{"name":"wp","href":"https:\/\/api.w.org\/{rel}","templated":true}]}}